{"id":1324,"date":"2020-04-12T02:55:28","date_gmt":"2020-04-12T00:55:28","guid":{"rendered":"http:\/\/test2.sportculture2020.fr\/wordpress\/?page_id=1324"},"modified":"2025-03-24T11:21:08","modified_gmt":"2025-03-24T10:21:08","slug":"a-propos","status":"publish","type":"page","link":"https:\/\/sportculture.net\/index.php\/a-propos\/","title":{"rendered":"A propos"},"content":{"rendered":"\n<p><\/p>\n\n\n\n<p><\/p>\n\n\n<div id=\"pl-gb1324-69df7cbfad16c\"  class=\"panel-layout wp-block-siteorigin-panels-layout-block\" ><div id=\"pg-gb1324-69df7cbfad16c-0\"  class=\"panel-grid panel-no-style\" ><div id=\"pgc-gb1324-69df7cbfad16c-0-0\"  class=\"panel-grid-cell\" ><div id=\"panel-gb1324-69df7cbfad16c-0-0-0\" class=\"so-panel widget widget_text panel-first-child panel-last-child\" data-index=\"0\" ><h3 class=\"widget-title\">D\u00e9claration au journal Officiel du 11 mai 2013<\/h3>\t\t\t<div class=\"textwidget\"><ul>\n<li><strong>Objet\u00a0<\/strong>:<em>\u00a0<\/em><em>En regroupant des responsables du secteur culturel, du mouvement sportif, du secteur \u00e9ducatif, du monde associatif, des professionnels de la sant\u00e9 et des am\u00e9nageurs, cette association a pour objet de cr\u00e9er une synergie entre ces diff\u00e9rentes entit\u00e9s au service du citoyen en\u00a0g\u00e9n\u00e9ral et des jeunes en particulier.<\/em><\/li>\n<li><strong>Si\u00e8ge social<\/strong>\u00a0:<em>\u00a0<\/em><em>175 all\u00e9e Jean Rostand \u2013 34090 Montpellier.<br \/>\n<\/em><strong>Antenne<\/strong><em>\u00a0: 67 rue Gutenberg \u2013 75015 Paris<\/em><\/li>\n<li><strong>D\u00e9claration<\/strong> <strong>d&rsquo;origine <\/strong><strong>au Journal Officiel : <\/strong><em>16 Avril 2013<\/em><\/li>\n<li><strong>Modification<\/strong> <strong>au Journal Officiel :<\/strong> <em>3 d\u00e9cembre 2021<\/em><\/li>\n<\/ul>\n<\/div>\n\t\t<\/div><\/div><div id=\"pgc-gb1324-69df7cbfad16c-0-1\"  class=\"panel-grid-cell\" ><div id=\"panel-gb1324-69df7cbfad16c-0-1-0\" class=\"so-panel widget widget_text panel-first-child panel-last-child\" data-index=\"1\" ><h3 class=\"widget-title\">Bureau<\/h3>\t\t\t<div class=\"textwidget\"><p>&nbsp;<\/p>\n<ul>\n<li><strong>Pr\u00e9sident<\/strong><em>\u00a0: Jean pierre Faye<br \/>\n<\/em><\/li>\n<li><strong>Vice-pr\u00e9sident<\/strong>\u00a0:\u00a0<em>Jean-Pierre<\/em><em>\u00a0Massines<\/em><\/li>\n<li><strong>Tr\u00e9sorier<\/strong>\u00a0:<em> Michel Calatraba<\/em><\/li>\n<li><strong>Secr\u00e9taire g\u00e9n\u00e9ral<\/strong>\u00a0:<em>\u00a0Christian Gaussen<\/em><\/li>\n<\/ul>\n<\/div>\n\t\t<\/div><\/div><div id=\"pgc-gb1324-69df7cbfad16c-0-2\"  class=\"panel-grid-cell\" ><div id=\"panel-gb1324-69df7cbfad16c-0-2-0\" class=\"so-panel widget widget_text panel-first-child panel-last-child\" data-index=\"2\" ><h3 class=\"widget-title\">Comit\u00e9 directeur<\/h3>\t\t\t<div class=\"textwidget\"><p>&nbsp;<\/p>\n<ul>\n<li><strong>Sport\u00a0:<br \/>\n<\/strong><em>Jean-Pierre Massines,<br \/>\nMyriam Diguet<br \/>\n<\/em><\/li>\n<li><strong>Culture\u00a0:<br \/>\n<\/strong><em>Christian Gaussen,<br \/>\n<\/em><em>Jean-Claude Fall<\/em><\/li>\n<li><strong>\u00c9ducation\u00a0:<br \/>\n<\/strong><em>Josiane Ricard,<br \/>\nFran\u00e7oise Bourlet,<\/em><em><br \/>\nAur\u00e9lie Pircar<\/em><\/li>\n<li><strong>Urbanisme :<br \/>\n<\/strong><em>Maryse Faye,<\/em><em><br \/>\nA<\/em><em><em>rnaud Diguet,<br \/>\n<\/em><\/em><\/li>\n<li><strong>Sant\u00e9\u00a0:<br \/>\n<\/strong><em>Michel Calatraba,<\/em><\/li>\n<li><strong>Communication :<br \/>\n<\/strong><em>Bazile Lebeau<\/em><\/li>\n<\/ul>\n<\/div>\n\t\t<\/div><\/div><\/div><div id=\"pg-gb1324-69df7cbfad16c-1\"  class=\"panel-grid panel-no-style\" ><div id=\"pgc-gb1324-69df7cbfad16c-1-0\"  class=\"panel-grid-cell\" ><div id=\"panel-gb1324-69df7cbfad16c-1-0-0\" class=\"so-panel widget widget_themegrill_flash_team tg-widget tg-single-team panel-first-child panel-last-child\" data-index=\"3\" ><div class=\"tg-team-widget tg-team-layout-2\">\n\t<div class=\"team-wrapper\">\n\t\t\t\t<div class=\"team-content-wrapper\">\n\t\t\t<div class=\"team-desc-wrapper\">\n\t\t\t\t<h3 class=\"team-title\">Pr\u00e9sentation de Jean-pierre Faye<\/h3>\n\t\t\t\t<div class=\"team-designation\">Pr\u00e9sident Sportculture2020<\/div>\n\t\t\t\t<div class=\"team-content\">Jean pierre Faye, s\u2019appuie sur les exp\u00e9riences acquises ces derni\u00e8res ann\u00e9es en tant que : Directeur \u201cSport et Territoires\u201d du CNOSF, Directeur G\u00e9n\u00e9ral Adjoint de l\u2019Agglom\u00e9ration de Montpellier en charge des sports et de la culture, Directeur d\u2019\u00c9cole nationale d\u2019application, Directeur de l\u2019atelier d\u2019urbanisme de l\u2019Agglom\u00e9ration Troyenne, Conseiller d\u00e9veloppement durable du pr\u00e9sident du Centre National de la FPT, Pr\u00e9sident de clubs et associations.<\/div>\n\t\t\t\t\t\t\t<\/div>\n\t\t<\/div>\n\t<\/div>\n<\/div>\n<\/div><\/div><div id=\"pgc-gb1324-69df7cbfad16c-1-1\"  class=\"panel-grid-cell\" ><div id=\"panel-gb1324-69df7cbfad16c-1-1-0\" class=\"so-panel widget widget_themegrill_flash_service tg-widget tg-single-service panel-first-child panel-last-child\" data-index=\"4\" >\n<div class=\"tg-service-widget tg-service-layout-2\">\n\t<div class=\"service-wrapper\">\n\t\t<div class=\"service-icon-title-wrapper clearfix\">\n\t\t\t\t\t\t<div class=\"service-icon-wrap\"><i class=\"fa fa-cloud-download\"><\/i><\/div>\n\t\t\t\t\t\t\t\t\t\t\t\t<h3 class=\"service-title-wrap\">\n\t\t\t\t\t\t\t\t<a href=\"https:\/\/sportculture.net\/wp-content\/uploads\/2015\/04\/R\u00e9partition.pdf\">\n\t\t\t\tSympathisants\t\t\t\t\t\t\t\t<\/a>\n\t\t\t\t\t\t\t<\/h3>\n\t\t\t\t\t<\/div>\n\t\t\t\t<div class=\"service-content-wrap\">Secteurs d\u2019activit\u00e9 des 5000 premiers sympathisants<\/div>\n\t\t\t\t\t\t<a class=\"service-more\" href=\"https:\/\/sportculture.net\/wp-content\/uploads\/2015\/04\/R\u00e9partition.pdf\">Consulter le document<\/a>\n\t\t\t<\/div>\n<\/div>\n<\/div><\/div><div id=\"pgc-gb1324-69df7cbfad16c-1-2\"  class=\"panel-grid-cell\" ><div id=\"panel-gb1324-69df7cbfad16c-1-2-0\" class=\"so-panel widget widget_text panel-first-child panel-last-child\" data-index=\"5\" ><h3 class=\"widget-title\">Ambassadeurs \u00ab\u00a0Sportculture 21 th\u00a0\u00bb<\/h3>\t\t\t<div class=\"textwidget\"><p>&nbsp;<\/p>\n<p><a href=\"https:\/\/sportculture.net\/wp-content\/uploads\/2021\/01\/Liste-Ambassadeurs-30-01-21.pdf\">Liste des Ambassadeurs<\/a><\/p>\n<p><a href=\"https:\/\/sportculture.net\/wp-content\/uploads\/2021\/01\/France-11.pdf\">R\u00e9partition des ambassadeurs<\/a><\/p>\n<\/div>\n\t\t<\/div><\/div><\/div><div id=\"pg-gb1324-69df7cbfad16c-2\"  class=\"panel-grid panel-no-style\" ><div id=\"pgc-gb1324-69df7cbfad16c-2-0\"  class=\"panel-grid-cell panel-grid-cell-mobile-last\" ><div id=\"panel-gb1324-69df7cbfad16c-2-0-0\" class=\"so-panel widget widget_text panel-first-child panel-last-child\" data-index=\"6\" ><h3 class=\"widget-title\">Assembl\u00e9e g\u00e9n\u00e9rale du 8 mars 2025<\/h3>\t\t\t<div class=\"textwidget\"><p><a href=\"https:\/\/sportculture.net\/wp-content\/uploads\/2025\/03\/AG-Ordinaire-Sportculture-21th-du-8-mars-2025.pdf\">AG Ordinaire Sportculture 21th du 8 mars 2025<\/a><\/p>\n<\/div>\n\t\t<\/div><\/div><div id=\"pgc-gb1324-69df7cbfad16c-2-1\"  class=\"panel-grid-cell panel-grid-cell-empty\" ><\/div><\/div><\/div>\n\n\n<p><\/p>\n","protected":false},"excerpt":{"rendered":"","protected":false},"author":1,"featured_media":0,"parent":0,"menu_order":0,"comment_status":"closed","ping_status":"closed","template":"","meta":{"footnotes":""},"class_list":["post-1324","page","type-page","status-publish","hentry"],"_links":{"self":[{"href":"https:\/\/sportculture.net\/index.php\/wp-json\/wp\/v2\/pages\/1324","targetHints":{"allow":["GET"]}}],"collection":[{"href":"https:\/\/sportculture.net\/index.php\/wp-json\/wp\/v2\/pages"}],"about":[{"href":"https:\/\/sportculture.net\/index.php\/wp-json\/wp\/v2\/types\/page"}],"author":[{"embeddable":true,"href":"https:\/\/sportculture.net\/index.php\/wp-json\/wp\/v2\/users\/1"}],"replies":[{"embeddable":true,"href":"https:\/\/sportculture.net\/index.php\/wp-json\/wp\/v2\/comments?post=1324"}],"version-history":[{"count":37,"href":"https:\/\/sportculture.net\/index.php\/wp-json\/wp\/v2\/pages\/1324\/revisions"}],"predecessor-version":[{"id":2700,"href":"https:\/\/sportculture.net\/index.php\/wp-json\/wp\/v2\/pages\/1324\/revisions\/2700"}],"wp:attachment":[{"href":"https:\/\/sportculture.net\/index.php\/wp-json\/wp\/v2\/media?parent=1324"}],"curies":[{"name":"wp","href":"https:\/\/api.w.org\/{rel}","templated":true}]}}