{"id":1149,"date":"2020-04-11T20:58:14","date_gmt":"2020-04-11T18:58:14","guid":{"rendered":"http:\/\/test2.sportculture2020.fr\/wordpress\/?page_id=1149"},"modified":"2026-01-25T19:43:14","modified_gmt":"2026-01-25T18:43:14","slug":"interventions","status":"publish","type":"page","link":"https:\/\/sportculture.net\/index.php\/interventions\/","title":{"rendered":"Interventions"},"content":{"rendered":"<div id=\"pl-1149\"  class=\"panel-layout\" ><div id=\"pg-1149-0\"  class=\"panel-grid panel-no-style\" ><div id=\"pgc-1149-0-0\"  class=\"panel-grid-cell\" ><div id=\"panel-1149-0-0-0\" class=\"so-panel widget widget_themegrill_flash_heading tg-widget section-title-wrapper panel-first-child panel-last-child\" data-index=\"0\" >\t<h3 class=\"section-title\">Conf\u00e9rences et Colloques<\/h3>\n<\/div><\/div><\/div><div id=\"pg-1149-1\"  class=\"panel-grid panel-no-style\" ><div id=\"pgc-1149-1-0\"  class=\"panel-grid-cell\" ><div id=\"panel-1149-1-0-0\" class=\"so-panel widget widget_text panel-first-child panel-last-child\" data-index=\"1\" ><h3 class=\"widget-title\">Conf\u00e9rences<\/h3>\t\t\t<div class=\"textwidget\"><ul>\n<li>\u00ab Sport \u2013 Culture \u00bb : comme supports d\u2019une nouvelle citoyennet\u00e9<\/li>\n<li>\u00ab Sport \u2013 Culture \u00bb : un outil de management<\/li>\n<li>\u00ab Sport et Culture \u00bb : quels outils pour quels territoires ?<\/li>\n<li>\u00ab Des \u00e9quipements sportifs et culturels durables \u00bb : pour quoi faire ?<\/li>\n<li>\u00ab Sport \u2013 Culture \u00bb : la synergie qui structure les politiques publiques de quartier<\/li>\n<li>\u00ab Sport \u2013 Culture \u2013 \u00c9ducation \u00bb : le triptyque \u00e9ducatif<\/li>\n<li>La ville comme terrain de sport et comme lieu d\u2019expression artistique<\/li>\n<li>D\u2019un urbanisme de qualit\u00e9 de vie \u00e0 un urbanisme d\u2019art de vie<\/li>\n<li>Mise en synergie du sport et de la culture dans l\u2019accompagnement \u00e9ducatif des jeunes<\/li>\n<li>R\u00e9habilitation des \u00e9quipements \u00e9ducatifs, sportifs et culturels<\/li>\n<li>D\u00e9clinaisons architecturales et urbanistiques de la mise en synergie du sport et de la culture dans l&rsquo;accompagnement \u00e9ducatif<\/li>\n<li>Le sport facteur d&rsquo;attractivit\u00e9 des territoires<\/li>\n<li>Le sport vecteur de diffusion des droits de l&rsquo;homme<\/li>\n<li>Manifeste des enfants du 21\u00e8me<\/li>\n<\/ul>\n<p>Vous pouvez visionner un extrait de la conf\u00e9rence donn\u00e9e en conclusion des journ\u00e9es nationales de l\u2019ANDIISS dans la vid\u00e9o ci-dessous.<\/p>\n<\/div>\n\t\t<\/div><\/div><div id=\"pgc-1149-1-1\"  class=\"panel-grid-cell\" ><div id=\"panel-1149-1-1-0\" class=\"so-panel widget widget_text panel-first-child panel-last-child\" data-index=\"2\" ><h3 class=\"widget-title\">Parmi les lieux de conf\u00e9rence<\/h3>\t\t\t<div class=\"textwidget\"><p><em>Universit\u00e9 Paris-Sorbonne,<br \/>\nUniversit\u00e9 Paris-Saclay<br \/>\nFacult\u00e9 de droit et de science politique de Montpellier<br \/>\nFacult\u00e9 des sciences de Montpellier<br \/>\n<\/em><em>Soci\u00e9t\u00e9s de conseil en organisation, gestion et management,<br \/>\nUFR STAPS,<br \/>\n<\/em><em>Centre national de la fonction publique territoriale,<br \/>\n\u00c9cole nationale sup\u00e9rieure d&rsquo;architecture de Montpellier<br \/>\n<\/em><em>Protection judiciaire de la jeunesse,<\/em><br \/>\n<em>Conseils communaux de concertation<\/em><br \/>\n<em>F\u00e9d\u00e9ration de la construction, de l\u2019urbanisme et de l\u2019environnement,<\/em><br \/>\n<em>Comit\u00e9\u00a0 National Olympique et Sportif Fran\u00e7ais<br \/>\nComit\u00e9s R\u00e9gionaux Olympiques et Sportifs<br \/>\n<\/em><em>Agences internationales d&rsquo;architecture et d&rsquo;urbanisme<br \/>\n<\/em><em>Collectivit\u00e9s territoriales dont\u00a0:<br \/>\n<\/em><em>Agde, Angoul\u00eame, Arreau, Avignon, B\u00e9ziers, Beausoleil, Bourg en Bresse, Clermont-Ferrand, Dunkerque, Grenoble, Jacou, Le Mans, Lille, Limoges, Lyon, Monaco, Montpellier, Orl\u00e9ans, Pantin, Paris, Perpignan, Rouen, Saint Denis de la R\u00e9union, Saint-\u00c9tienne, Strasbourg, Toulouse, Vichy, Villeneuve les Maguelone, \u2026<\/em><\/p>\n<\/div>\n\t\t<\/div><\/div><\/div><div id=\"pg-1149-2\"  class=\"panel-grid panel-no-style\" ><div id=\"pgc-1149-2-0\"  class=\"panel-grid-cell\" ><div id=\"panel-1149-2-0-0\" class=\"so-panel widget widget_text panel-first-child panel-last-child\" data-index=\"3\" ><h3 class=\"widget-title\">\u00ab Les politiques publiques du sport en Europe \u00bb<\/h3>\t\t\t<div class=\"textwidget\"><p><img loading=\"lazy\" decoding=\"async\" class=\"alignnone wp-image-2593\" src=\"https:\/\/sportculture.net\/wp-content\/uploads\/2023\/12\/Linkedin-Europa-300x165.png\" alt=\"\" width=\"593\" height=\"326\" srcset=\"https:\/\/sportculture.net\/wp-content\/uploads\/2023\/12\/Linkedin-Europa-300x165.png 300w, https:\/\/sportculture.net\/wp-content\/uploads\/2023\/12\/Linkedin-Europa.png 440w\" sizes=\"auto, (max-width: 593px) 100vw, 593px\" \/><\/p>\n<p><strong>Extrait du colloque \u00ab europa \u00bb du 24 novembre 2023 accessible en cliquant sur :<\/strong><\/p>\n<p><a href=\"https:\/\/sportculture.net\/wp-content\/uploads\/2023\/12\/COLLOQUE-EUROPA-2023.mp4\"><strong>https:\/\/sportculture.net\/wp-content\/uploads\/2023\/12\/COLLOQUE-EUROPA-2023.mp4<\/strong><\/a><\/p>\n<p>.<\/p>\n<\/div>\n\t\t<\/div><\/div><\/div><div id=\"pg-1149-3\"  class=\"panel-grid panel-no-style\" ><div id=\"pgc-1149-3-0\"  class=\"panel-grid-cell panel-grid-cell-mobile-last\" ><div id=\"panel-1149-3-0-0\" class=\"so-panel widget widget_text panel-first-child panel-last-child\" data-index=\"4\" ><h3 class=\"widget-title\">Colloque Neuj&rsquo;Pro d&rsquo;octobre 2024<\/h3>\t\t\t<div class=\"textwidget\"><p><a href=\"https:\/\/www.youtube.com\/watch?v=uCCc6nZpYpU\"><img loading=\"lazy\" decoding=\"async\" class=\"alignnone  wp-image-2673\" src=\"https:\/\/sportculture.net\/wp-content\/uploads\/2024\/10\/NeujPro-Presentation-300x267.png\" alt=\"\" width=\"441\" height=\"393\" srcset=\"https:\/\/sportculture.net\/wp-content\/uploads\/2024\/10\/NeujPro-Presentation-300x267.png 300w, https:\/\/sportculture.net\/wp-content\/uploads\/2024\/10\/NeujPro-Presentation.png 765w\" sizes=\"auto, (max-width: 441px) 100vw, 441px\" \/><\/a><\/p>\n<p>L\u2019intervention de Jean-pierre Faye lors du colloque <strong>Neuj\u2019Pro<\/strong> d\u2019octobre 2024 est accessible en cliquant sur\u00a0:<\/p>\n<p><a href=\"https:\/\/www.youtube.com\/watch?v=uCCc6nZpYpU\">https:\/\/www.youtube.com\/watch?v=uCCc6nZpYpU<\/a><\/p>\n<\/div>\n\t\t<\/div><\/div><div id=\"pgc-1149-3-1\"  class=\"panel-grid-cell panel-grid-cell-empty\" ><\/div><\/div><div id=\"pg-1149-4\"  class=\"panel-grid panel-no-style\" ><div id=\"pgc-1149-4-0\"  class=\"panel-grid-cell\" ><div id=\"panel-1149-4-0-0\" class=\"widget_text so-panel widget widget_custom_html panel-first-child panel-last-child\" data-index=\"5\" ><h3 class=\"widget-title\">8\u00e8mes Journ\u00e9es d&rsquo;\u00c9tude Nationales de l&rsquo;ANDIISS<\/h3><div class=\"textwidget custom-html-widget\"><iframe loading=\"lazy\" src=\"\/\/video.cnfpt.fr\/fr\/sport\/8emes-jounees-detude-nationales-de-landiiss-partie-17\/player\" title=\"\/\/video.cnfpt.fr\/fr\/sport\/8emes-jounees-detude-nationales-de-landiiss-partie-17\/player\" class=\"libcast_player\" width=\"560px\" height=\"320px\" frameborder=\"0\" scrolling=\"no\" allowfullscreen><\/iframe><\/div><\/div><\/div><\/div><div id=\"pg-1149-5\"  class=\"panel-grid panel-no-style\" ><div id=\"pgc-1149-5-0\"  class=\"panel-grid-cell\" ><div id=\"panel-1149-5-0-0\" class=\"so-panel widget widget_text panel-first-child panel-last-child\" data-index=\"6\" ><h3 class=\"widget-title\">Interventions en colloques nationaux et internationaux<\/h3>\t\t\t<div class=\"textwidget\"><ul>\n<li><strong>Forum Educasport &#8211; Paris<\/strong>\n<ul>\n<li>Intervention Jean-pierre FAYE &#8211; <em><a href=\"https:\/\/sportculture.net\/wp-content\/uploads\/2020\/05\/Forum-Educasport.pdf\">Cliquer<\/a><\/em><\/li>\n<\/ul>\n<\/li>\n<li><strong>Comit\u00e9 Europ\u00e9en d&rsquo;Histoire du Sport &#8211; Bordeaux<\/strong>\n<ul>\n<li>H\u00e9ritage sportif et dynamique patrimoniale &#8211; <a href=\"https:\/\/sportculture.net\/wp-content\/uploads\/2020\/05\/Colloque-Bordeaux.pdf\">C<em>liquer<\/em><\/a><\/li>\n<\/ul>\n<\/li>\n<li><strong>Sportcoll &#8211; Montpellier<\/strong>\n<ul>\n<li>2018 &#8211; <em><a href=\"https:\/\/sportculture.net\/wp-content\/uploads\/2020\/05\/Sportcoll-18.pdf\">Cliquer<\/a><\/em><\/li>\n<li>2020 &#8211; <em><a href=\"https:\/\/sportculture.net\/wp-content\/uploads\/2020\/05\/Sportcoll-2020.pdf\">Cliquer<\/a><\/em><br \/>\nAtelier formation &#8211; <a href=\"https:\/\/sportculture.net\/wp-content\/uploads\/2020\/11\/Base-Jp.pdf\"><em>Cliquer<\/em><\/a><\/li>\n<\/ul>\n<\/li>\n<li><strong>UFOLEP &#8211;<\/strong>\n<ul>\n<li>\u00c9changes &#8211; <a href=\"https:\/\/sportculture.net\/wp-content\/uploads\/2020\/05\/UFOLEP.pdf\"><em>Cliquer<\/em><\/a><\/li>\n<\/ul>\n<\/li>\n<li><strong>Rencontres nationales de la culture &#8211; Avignon<br \/>\n<\/strong><\/li>\n<\/ul>\n<\/div>\n\t\t<\/div><\/div><div id=\"pgc-1149-5-1\"  class=\"panel-grid-cell\" ><div id=\"panel-1149-5-1-0\" class=\"so-panel widget widget_text panel-first-child panel-last-child\" data-index=\"7\" ><h3 class=\"widget-title\">Colloques organis\u00e9s par \u00ab\u00a0Sportculture 21 th\u00a0\u00bb<\/h3>\t\t\t<div class=\"textwidget\"><ul>\n<li><strong><em>Palais du Luxembourg &#8211; S\u00e9nat<\/em><\/strong>\n<ul>\n<li>Actes du colloque : Sport &#8211; Culture, une ambition \u00e9ducative et citoyenne<em> &#8211; <a href=\"https:\/\/sportculture.net\/wp-content\/uploads\/2020\/05\/Actes-colloque-sport-culture.pdf\">Cliquer<\/a><br \/>\n<\/em><\/li>\n<li>Recueil d&rsquo;actions &#8211; <a href=\"https:\/\/sportculture.net\/wp-content\/uploads\/2020\/05\/Recueil-dactions-Interpassions.pdf\"><em>Cliquer<\/em><\/a><\/li>\n<\/ul>\n<\/li>\n<li><em><strong>Palais des congr\u00e8s du CORUM &#8211; Montpellie<\/strong>r<\/em>\n<ul>\n<li>Intervenants : Eric B\u00e9rard, Philippe Est\u00e8be, Jean-Paul Volle &#8211; <a href=\"https:\/\/sportculture.net\/wp-content\/uploads\/2020\/05\/Photooooo.pdf\"><em>Cliquer<\/em><\/a><\/li>\n<\/ul>\n<\/li>\n<li><strong><em>Palais des rois de Majorque &#8211; Perpignan<\/em><\/strong>\n<ul>\n<li>Mise en synergie du sport et de la culture dans l&rsquo;accompagnement \u00e9ducatif des jeunes &#8211; <a href=\"https:\/\/sportculture.net\/wp-content\/uploads\/2020\/05\/Perpignan.pdf\"><em>Cliquer<\/em><\/a><\/li>\n<\/ul>\n<\/li>\n<li><em><strong>Centre de congr\u00e8s \u00ab\u00a0Pierresvives\u00a0\u00bb &#8211; Montpellier<\/strong><\/em>\n<ul>\n<li><em>La ville comme terrain de sport et comme lieu d&rsquo;expression artistique<\/em> &#8211; <em><a href=\"https:\/\/sportculture.net\/wp-content\/uploads\/2020\/05\/Pierresvives.pdf\">Cliquer<\/a><\/em><\/li>\n<\/ul>\n<\/li>\n<\/ul>\n<\/div>\n\t\t<\/div><\/div><\/div><div id=\"pg-1149-6\"  class=\"panel-grid panel-no-style\" ><div id=\"pgc-1149-6-0\"  class=\"panel-grid-cell\" ><div id=\"panel-1149-6-0-0\" class=\"so-panel widget widget_text panel-first-child\" data-index=\"8\" ><h3 class=\"widget-title\">Interview de J-p Faye par Bruno Lapeyronie<\/h3>\t\t\t<div class=\"textwidget\"><p>Interview extraite de l&rsquo;ouvrage : \u00ab\u00a0Gouvernance du sport et management territorial : une n\u00e9cessaire co-construction\u00a0\u00bb<br \/>\n<a href=\"https:\/\/sportculture.net\/wp-content\/uploads\/2020\/05\/Interwev-JpF-par-Bruno-Lapeyronie.pdf\">Cliquer<\/a><\/p>\n<\/div>\n\t\t<\/div><div id=\"panel-1149-6-0-1\" class=\"so-panel widget widget_text panel-last-child\" data-index=\"9\" ><h3 class=\"widget-title\">Interview de J-p Faye par Leslie Mucret<\/h3>\t\t\t<div class=\"textwidget\"><p>Interview extraite du magazine : SPORTMAG de juillet 2020 <a href=\"https:\/\/sportculture.net\/wp-content\/uploads\/2020\/07\/SportMag-du-08-07-20.pdf\">Cliquer<\/a><\/p>\n<\/div>\n\t\t<\/div><\/div><div id=\"pgc-1149-6-1\"  class=\"panel-grid-cell\" ><div id=\"panel-1149-6-1-0\" class=\"so-panel widget widget_text panel-first-child panel-last-child\" data-index=\"10\" ><h3 class=\"widget-title\">Les m\u00e9dias parlent de \u00ab\u00a0Sportculture 21 th\u00a0\u00bb<\/h3>\t\t\t<div class=\"textwidget\"><ul>\n<li><strong>Le Figaro<\/strong>\n<ul>\n<li>Un formidable outil pour tisser du lien social &#8211; <em><em><em><em><a href=\"https:\/\/sportculture.net\/wp-content\/uploads\/2020\/05\/Figaro.pdf\">Cliquer<\/a><\/em><\/em><\/em><\/em><\/li>\n<\/ul>\n<\/li>\n<li><strong>Le Monde<\/strong>\n<ul>\n<li>Les activit\u00e9s p\u00e9riscolaires &#8211; <em><a href=\"https:\/\/sportculture.net\/wp-content\/uploads\/2020\/05\/Le-Monde-septembre-2011.pdf\">Cliquer<\/a><\/em><\/li>\n<li>Culture-Sport, une ambition \u00e9ducative et citoyenne &#8211; <em><em><em><em><a href=\"https:\/\/sportculture.net\/wp-content\/uploads\/2020\/05\/Le-Monde-octobre-2012.pdf\">Cliquer<\/a><\/em><\/em><\/em><\/em><\/li>\n<\/ul>\n<\/li>\n<li><strong>Midi Libre<\/strong>\n<ul>\n<li>Retrouve ton sport dans ta m\u00e9diath\u00e8que &#8211; <a href=\"https:\/\/sportculture.net\/wp-content\/uploads\/2020\/05\/Midi-Libre-janvier-2011.pdf\"><em>Cliquer<\/em><\/a><\/li>\n<li>Passeport pour la 6\u00e8me &#8211; <a href=\"https:\/\/sportculture.net\/wp-content\/uploads\/2020\/07\/Passeport.pdf\"><em>Cliquer<\/em><\/a><\/li>\n<\/ul>\n<\/li>\n<li><strong>L&rsquo;Express<\/strong>\n<ul>\n<li>La ville, un milieu culturel devenu r\u00e9cr\u00e9atif &#8211; <a href=\"https:\/\/sportculture.net\/wp-content\/uploads\/2020\/05\/Lexpress-f\u00e9vrier-2019.pdf\"><em>Cliquer<\/em><\/a><\/li>\n<\/ul>\n<\/li>\n<li><strong>Francas<\/strong>\n<ul>\n<li>Passeport pour Grandir &#8211; <em><em><a href=\"https:\/\/sportculture.net\/wp-content\/uploads\/2024\/03\/Francas.pdf\">Cliquer<\/a><\/em><\/em><\/li>\n<\/ul>\n<\/li>\n<li><strong>Le Nouvel \u00c9conomiste<\/strong>\n<ul>\n<li>JO &#8211; Expo : Chacun dans son couloir &#8211; <em><a href=\"https:\/\/sportculture.net\/wp-content\/uploads\/2020\/05\/Le-nouvel-\u00e9conomiste-avril-2017.pdf\">Cliquer<\/a><\/em><\/li>\n<\/ul>\n<\/li>\n<\/ul>\n<ul>\n<li><strong>Nice Matin<\/strong>\n<ul>\n<li>Les enfants de Beausoleil s&rsquo;\u00e9veillent \u00e0 la non-violence &#8211; <a href=\"https:\/\/sportculture.net\/wp-content\/uploads\/2021\/06\/Extrait-Nice-Matin.pdf\"><em>Cliquer<\/em><\/a><\/li>\n<\/ul>\n<\/li>\n<li><strong>La Gazette<\/strong>\n<ul>\n<li>En retrait de la Retraite &#8211; <em><a href=\"https:\/\/sportculture.net\/wp-content\/uploads\/2023\/03\/En-retrait-de-la-retraite.pdf\">Cliquer<\/a><\/em><\/li>\n<li>Foutaise &#8211; <em><a href=\"https:\/\/sportculture.net\/wp-content\/uploads\/2023\/09\/Gazette-HMR.pdf\">Cliquer<\/a><\/em><\/li>\n<li>Il faut tout un quartier pour \u00e9duquer un enfant &#8211; <em><a href=\"https:\/\/sportculture.net\/wp-content\/uploads\/2024\/06\/Il-faut-tout-un-quartier-pour-eduquer-un-enfant.pdf\">Cliquer<\/a><\/em><\/li>\n<\/ul>\n<\/li>\n<\/ul>\n<\/div>\n\t\t<\/div><\/div><div id=\"pgc-1149-6-2\"  class=\"panel-grid-cell\" ><div id=\"panel-1149-6-2-0\" class=\"so-panel widget widget_text panel-first-child\" data-index=\"11\" ><h3 class=\"widget-title\">Organisation de \u00ab\u00a0Passeport pour la 6\u00e8me\u00a0\u00bb<\/h3>\t\t\t<div class=\"textwidget\"><p>En partenariat avec les Francas et le Creps de Montpellier<br \/>\n<em><a href=\"https:\/\/sportculture.net\/wp-content\/uploads\/2020\/08\/eregge.pdf\">Cliquer pour visionner 2 minutes de l&rsquo;une des journ\u00e9es<\/a><\/em><\/p>\n<\/div>\n\t\t<\/div><div id=\"panel-1149-6-2-1\" class=\"so-panel widget widget_text panel-last-child\" data-index=\"12\" ><h3 class=\"widget-title\">Interventions dans les \u00e9coles \u00ab\u00a0Du CM1 et du CM2 \u00e0 Olympie\u00a0\u00bb<\/h3>\t\t\t<div class=\"textwidget\"><p>Pr\u00e9sentation courte, ludique et en pr\u00e9sence des professeurs de chaque classe de CM1 et CM2, d\u2019une animation permettant de valoriser aupr\u00e8s des enfants le \u00ab vivre ensemble \u00bb issu des pratiques sportives et culturelles. Une pr\u00e9sentation qui associe rep\u00e8res historiques, g\u00e9ographiques et humains ; des humains de toutes origines, lieux, cultures, qui ont marqu\u00e9 l&rsquo;humanit\u00e9 <em>tels que Charlotte Perriand, Micheline Ostermeyer, Edgar Morin, Antoine de Saint Exup\u00e9ry, Pablo Picasso, Albert Camus,<\/em><em> \u2026 &#8211; <a href=\"https:\/\/sportculture.net\/wp-content\/uploads\/2020\/11\/CM2.pdf\">Cliquer<\/a><br \/>\n<\/em><\/p>\n<\/div>\n\t\t<\/div><\/div><\/div><div id=\"pg-1149-7\"  class=\"panel-grid panel-no-style\" ><div id=\"pgc-1149-7-0\"  class=\"panel-grid-cell\" ><div id=\"panel-1149-7-0-0\" class=\"so-panel widget widget_text panel-first-child panel-last-child\" data-index=\"13\" ><h3 class=\"widget-title\">Interview de J-p Faye par Jean-Bernard Paillissier<\/h3>\t\t\t<div class=\"textwidget\"><p><strong>Pour acc\u00e9der \u00e0 l&rsquo;interview publi\u00e9e dans \u00ab SPORT,histoire ET r\u00e9flexion \u00bb &#8211; 1700 Fribourg &#8211; Suisse ; cliquer <a href=\"https:\/\/sportculture.net\/wp-content\/uploads\/2022\/12\/Janvier-2023-000000000-1.pdf\">ici<\/a><\/strong><\/p>\n<p>&nbsp;<\/p>\n<\/div>\n\t\t<\/div><\/div><div id=\"pgc-1149-7-1\"  class=\"panel-grid-cell\" ><div id=\"panel-1149-7-1-0\" class=\"so-panel widget widget_text panel-first-child panel-last-child\" data-index=\"14\" ><h3 class=\"widget-title\">Une architecture sportive, culturelle et durable<\/h3>\t\t\t<div class=\"textwidget\"><p><strong><a href=\"https:\/\/sportculture.net\/wp-content\/uploads\/2024\/07\/La-maison-Fayes.pdf\">La maison Faye&rsquo;s<\/a><\/strong><\/p>\n<\/div>\n\t\t<\/div><\/div><div id=\"pgc-1149-7-2\"  class=\"panel-grid-cell\" ><div id=\"panel-1149-7-2-0\" class=\"so-panel widget widget_text panel-first-child panel-last-child\" data-index=\"15\" ><h3 class=\"widget-title\">Interview de Jp FAYE sur Radio Aviva du 21 12 2023<\/h3>\t\t\t<div class=\"textwidget\"><p>Pour acc\u00e9der \u00e0 l&rsquo;interview ayant pour titre \u00a0\u00bb <b>Le sport cr\u00e9ateur de liens inter sociaux culturels \u00ab\u00a0, cliquer sur<br \/>\n<\/b><\/p>\n<p><a href=\"https:\/\/radio-aviva.com\/podcast\/le-sport-createur-de-liens-inter-sociaux-culturels-jean-pierre-faye-president-de-sport-culture-21eme\/\">LE SPORT, CR\u00c9ATEUR DE LIENS INTER-SOCIAUX CULTURELS &#8211; JEAN-PIERRE FAYE, PR\u00c9SIDENT DE SPORT CULTURE 21EME &#8211; Radio Aviva (radio-aviva.com)<\/a><\/p>\n<p><b>\u00a0<\/b><\/p>\n<\/div>\n\t\t<\/div><\/div><\/div><div id=\"pg-1149-8\"  class=\"panel-grid panel-no-style\" ><div id=\"pgc-1149-8-0\"  class=\"panel-grid-cell\" ><div id=\"panel-1149-8-0-0\" class=\"so-panel widget widget_text panel-first-child panel-last-child\" data-index=\"16\" ><h3 class=\"widget-title\">Interview du pr\u00e9sident de \u00ab\u00a0Sportculture 21th\u00a0\u00bb<\/h3>\t\t\t<div class=\"textwidget\"><p><a href=\"https:\/\/sportculture.net\/wp-content\/uploads\/2025\/03\/Radio-Aviva-du-23-02-2025.pdf\">Radio Aviva du 23 02 2025<\/a><\/p>\n<\/div>\n\t\t<\/div><\/div><div id=\"pgc-1149-8-1\"  class=\"panel-grid-cell\" ><div id=\"panel-1149-8-1-0\" class=\"so-panel widget widget_text panel-first-child panel-last-child\" data-index=\"17\" ><h3 class=\"widget-title\">Retour sur un colloque de 1996 associant scolaire, sport et culture<\/h3>\t\t\t<div class=\"textwidget\"><p>CORUM de Montpellier &#8211; <em><a href=\"https:\/\/sportculture.net\/wp-content\/uploads\/2020\/11\/Corum-1996.pdf\">Cliquer<\/a><\/em><\/p>\n<\/div>\n\t\t<\/div><\/div><div id=\"pgc-1149-8-2\"  class=\"panel-grid-cell\" ><div id=\"panel-1149-8-2-0\" class=\"so-panel widget widget_text panel-first-child panel-last-child\" data-index=\"18\" ><h3 class=\"widget-title\">Management et crise<\/h3>\t\t\t<div class=\"textwidget\"><p>Extrait de conf\u00e9rence &#8211; <em><a href=\"https:\/\/sportculture.net\/wp-content\/uploads\/2020\/11\/xdbdsbs.pdf\">Cliquer<\/a><\/em><\/p>\n<\/div>\n\t\t<\/div><\/div><\/div><div id=\"pg-1149-9\"  class=\"panel-grid panel-no-style\" ><div id=\"pgc-1149-9-0\"  class=\"panel-grid-cell\" ><div id=\"panel-1149-9-0-0\" class=\"so-panel widget widget_themegrill_flash_image tg-widget tg-image-widget panel-first-child panel-last-child\" data-index=\"19\" >\t<img decoding=\"async\" src=\"https:\/\/sportculture.net\/wp-content\/uploads\/2020\/05\/sfhhd.png\" \/>\n<\/div><\/div><div id=\"pgc-1149-9-1\"  class=\"panel-grid-cell\" ><div id=\"panel-1149-9-1-0\" class=\"so-panel widget widget_text panel-first-child panel-last-child\" data-index=\"20\" ><h3 class=\"widget-title\">Interview de Sydney Biton de Radio Aviva du 28 08 24<\/h3>\t\t\t<div class=\"textwidget\"><p>Accessible en cliquant sur :<\/p>\n<p>https:\/\/radio-aviva.com\/podcast\/sport-culture-au-xxie-siecle-jean-pierre-faye-directeur-de-sport-culture\/<\/p>\n<p>&nbsp;<\/p>\n<\/div>\n\t\t<\/div><\/div><\/div><div id=\"pg-1149-10\"  class=\"panel-grid panel-no-style\" ><div id=\"pgc-1149-10-0\"  class=\"panel-grid-cell\" ><div id=\"panel-1149-10-0-0\" class=\"so-panel widget widget_media_image panel-first-child panel-last-child\" data-index=\"21\" ><img loading=\"lazy\" decoding=\"async\" width=\"215\" height=\"300\" src=\"https:\/\/sportculture.net\/wp-content\/uploads\/2026\/01\/La-Gazette-photo-215x300.png\" class=\"image wp-image-2759  attachment-medium size-medium\" alt=\"\" style=\"max-width: 100%; height: auto;\" srcset=\"https:\/\/sportculture.net\/wp-content\/uploads\/2026\/01\/La-Gazette-photo-215x300.png 215w, https:\/\/sportculture.net\/wp-content\/uploads\/2026\/01\/La-Gazette-photo.png 502w\" sizes=\"auto, (max-width: 215px) 100vw, 215px\" \/><\/div><\/div><div id=\"pgc-1149-10-1\"  class=\"panel-grid-cell\" ><div id=\"panel-1149-10-1-0\" class=\"so-panel widget widget_pages panel-first-child panel-last-child\" data-index=\"22\" ><h3 class=\"widget-title\">Interview par Pierre Serre de la Gazette<\/h3>\n\t\t\t<ul>\n\t\t\t\t<li class=\"page_item page-item-1128\"><a href=\"https:\/\/sportculture.net\/index.php\/lettres-2\/\">148 Lettres mensuelles<\/a><\/li>\n<li class=\"page_item page-item-1324\"><a href=\"https:\/\/sportculture.net\/index.php\/a-propos\/\">A propos<\/a><\/li>\n<li class=\"page_item page-item-584\"><a href=\"https:\/\/sportculture.net\/\">Accueil<\/a><\/li>\n<li class=\"page_item page-item-12\"><a href=\"https:\/\/sportculture.net\/index.php\/contact\/\">Contact<\/a><\/li>\n<li class=\"page_item page-item-1149\"><a href=\"https:\/\/sportculture.net\/index.php\/interventions\/\">Interventions<\/a><\/li>\n<li class=\"page_item page-item-1194\"><a href=\"https:\/\/sportculture.net\/index.php\/le-pacte\/\">Manifeste des enfants du 21\u00e8me<\/a><\/li>\n<li class=\"page_item page-item-2282\"><a href=\"https:\/\/sportculture.net\/index.php\/montpellier-point-detape-n5\/\">Montpellier : Point d&rsquo;\u00e9tape n\u00b05<\/a><\/li>\n<li class=\"page_item page-item-209\"><a href=\"https:\/\/sportculture.net\/index.php\/ouvrages\/\">Ouvrages Jp Faye<\/a><\/li>\n\t\t\t<\/ul>\n\n\t\t\t<\/div><\/div><\/div><\/div>","protected":false},"excerpt":{"rendered":"<p>\u00ab Sport \u2013 Culture \u00bb : comme supports d\u2019une nouvelle citoyennet\u00e9 \u00ab Sport \u2013 Culture \u00bb : un outil de [&hellip;]<\/p>\n","protected":false},"author":1,"featured_media":0,"parent":0,"menu_order":0,"comment_status":"closed","ping_status":"closed","template":"","meta":{"footnotes":""},"class_list":["post-1149","page","type-page","status-publish","hentry"],"_links":{"self":[{"href":"https:\/\/sportculture.net\/index.php\/wp-json\/wp\/v2\/pages\/1149","targetHints":{"allow":["GET"]}}],"collection":[{"href":"https:\/\/sportculture.net\/index.php\/wp-json\/wp\/v2\/pages"}],"about":[{"href":"https:\/\/sportculture.net\/index.php\/wp-json\/wp\/v2\/types\/page"}],"author":[{"embeddable":true,"href":"https:\/\/sportculture.net\/index.php\/wp-json\/wp\/v2\/users\/1"}],"replies":[{"embeddable":true,"href":"https:\/\/sportculture.net\/index.php\/wp-json\/wp\/v2\/comments?post=1149"}],"version-history":[{"count":289,"href":"https:\/\/sportculture.net\/index.php\/wp-json\/wp\/v2\/pages\/1149\/revisions"}],"predecessor-version":[{"id":2760,"href":"https:\/\/sportculture.net\/index.php\/wp-json\/wp\/v2\/pages\/1149\/revisions\/2760"}],"wp:attachment":[{"href":"https:\/\/sportculture.net\/index.php\/wp-json\/wp\/v2\/media?parent=1149"}],"curies":[{"name":"wp","href":"https:\/\/api.w.org\/{rel}","templated":true}]}}